{"id":166,"date":"2023-02-06T13:36:39","date_gmt":"2023-02-06T13:36:39","guid":{"rendered":"https:\/\/hatlasdigital.com\/?page_id=166"},"modified":"2025-01-05T15:28:24","modified_gmt":"2025-01-05T15:28:24","slug":"blog2023","status":"publish","type":"page","link":"https:\/\/hatlasdigital.com\/?page_id=166","title":{"rendered":"Blog"},"content":{"rendered":"<p>[et_pb_section fb_built=\u00bb1&#8243; admin_label=\u00bbHeader\u00bb _builder_version=\u00bb4.27.4&#8243; _module_preset=\u00bbdefault\u00bb background_color=\u00bbgcid-02132a14-0aa3-45af-abdc-389c29b58c23&#8243; hover_enabled=\u00bb0&#8243; collapsed=\u00bbon\u00bb global_colors_info=\u00bb{%22gcid-02132a14-0aa3-45af-abdc-389c29b58c23%22:%91%22background_color%22%93}\u00bb title_text=\u00bbnordwood-themes-EZSm8xRjnX0-unsplash\u00bb background_image=\u00bbhttps:\/\/hatlasdigital.com\/wp-content\/uploads\/2025\/01\/nordwood-themes-EZSm8xRjnX0-unsplash.jpg\u00bb sticky_enabled=\u00bb0&#8243;][et_pb_row _builder_version=\u00bb4.18.0&#8243; _module_preset=\u00bbdefault\u00bb locked=\u00bboff\u00bb global_colors_info=\u00bb{}\u00bb column_structure=\u00bb1_2,1_2&#8243;][et_pb_column type=\u00bb1_2&#8243; _builder_version=\u00bb4.18.0&#8243; _module_preset=\u00bbdefault\u00bb global_colors_info=\u00bb{}\u00bb][et_pb_text _builder_version=\u00bb4.19.5&#8243; _module_preset=\u00bbc16985e1-e0d6-4022-964d-e2bfc04fa633&#8243; header_font=\u00bbCinzel||||||||\u00bb header_text_color=\u00bb#FFFFFF\u00bb header_font_size=\u00bb90px\u00bb text_orientation=\u00bbcenter\u00bb custom_padding=\u00bb||4%||false|false\u00bb hover_enabled=\u00bb0&#8243; header_font_size_tablet=\u00bb40px\u00bb header_font_size_phone=\u00bb24px\u00bb header_font_size_last_edited=\u00bbon|desktop\u00bb border_color_all=\u00bbgcid-e010f2a6-5bcc-4cbf-902a-b2f60822625a\u00bb border_width_bottom=\u00bb2px\u00bb global_colors_info=\u00bb{%22gcid-e010f2a6-5bcc-4cbf-902a-b2f60822625a%22:%91%22border_color_all%22%93}\u00bb sticky_enabled=\u00bb0&#8243;]<\/p>\n<h1>Blog<\/h1>\n<p>[\/et_pb_text][\/et_pb_column][et_pb_column type=\u00bb1_2&#8243; _builder_version=\u00bb4.18.0&#8243; _module_preset=\u00bbdefault\u00bb global_colors_info=\u00bb{}\u00bb][et_pb_blurb image=\u00bbhttps:\/\/hatlasdigital.com\/wp-content\/uploads\/2025\/01\/Logo-Hatlas-Estonia.png\u00bb _builder_version=\u00bb4.27.4&#8243; _module_preset=\u00bbdefault\u00bb title_text=\u00bbLogo Hatlas Estonia\u00bb hover_enabled=\u00bb0&#8243; sticky_enabled=\u00bb0&#8243; background_enable_image=\u00bboff\u00bb][\/et_pb_blurb][\/et_pb_column][\/et_pb_row][\/et_pb_section][et_pb_section fb_built=\u00bb1&#8243; _builder_version=\u00bb4.19.4&#8243; _module_preset=\u00bbdefault\u00bb global_colors_info=\u00bb{}\u00bb][et_pb_row column_structure=\u00bb1_3,1_3,1_3&#8243; _builder_version=\u00bb4.19.5&#8243; _module_preset=\u00bbdefault\u00bb width=\u00bb73%\u00bb max_width=\u00bb1308px\u00bb global_colors_info=\u00bb{}\u00bb][et_pb_column type=\u00bb1_3&#8243; _builder_version=\u00bb4.19.5&#8243; _module_preset=\u00bbdefault\u00bb global_colors_info=\u00bb{}\u00bb][et_pb_blurb title=\u00bbLa Globalizaci\u00f3n\u00bb image=\u00bbhttps:\/\/hatlasdigital.com\/wp-content\/uploads\/2023\/02\/HATLAS13.jpg\u00bb image_icon_width=\u00bb119%\u00bb _builder_version=\u00bb4.19.5&#8243; _module_preset=\u00bbdefault\u00bb global_colors_info=\u00bb{}\u00bb]<\/p>\n<p>La globalizaci\u00f3n es el proceso de integraci\u00f3n econ\u00f3mica, pol\u00edtica, social y cultural de los pa\u00edses del mundo. La globalizaci\u00f3n ha permitido una mayor interconexi\u00f3n y dependencia entre los pa\u00edses, y ha dado lugar a una econom\u00eda global en la que los bienes, servicios y personas pueden moverse libremente a trav\u00e9s de fronteras nacionales.<\/p>\n<p>Click aqu\u00ed para seguir leyendo<\/p>\n<p>[\/et_pb_blurb][\/et_pb_column][et_pb_column type=\u00bb1_3&#8243; _builder_version=\u00bb4.19.5&#8243; _module_preset=\u00bbdefault\u00bb global_colors_info=\u00bb{}\u00bb][et_pb_blurb title=\u00bbComercio electr\u00f3nico\u00bb url=\u00bbhttps:\/\/hatlasdigital.com\/?page_id=199&#8243; image=\u00bbhttps:\/\/hatlasdigital.com\/wp-content\/uploads\/2023\/02\/HATLAS11.jpg\u00bb image_icon_width=\u00bb119%\u00bb _builder_version=\u00bb4.19.5&#8243; _module_preset=\u00bbdefault\u00bb link_option_url=\u00bbhttps:\/\/hatlasdigital.com\/?page_id=199&#8243; global_colors_info=\u00bb{}\u00bb]<\/p>\n<p>El comercio electr\u00f3nico es una plataforma de comercio que permite la transacci\u00f3n comercial a trav\u00e9s de Internet. Ofrece a los consumidores la conveniencia de realizar compras en l\u00ednea desde cualquier lugar y en cualquier momento, sin tener que desplazarse f\u00edsicamente a un establecimiento comercial. Adem\u00e1s, brinda acceso a una amplia gama de productos y a opiniones y rese\u00f1as de otros clientes, lo que ayuda en la toma de decisiones informadas de compra.<\/p>\n<p>Click aqu\u00ed para seguir leyendo<\/p>\n<p>[\/et_pb_blurb][\/et_pb_column][et_pb_column type=\u00bb1_3&#8243; _builder_version=\u00bb4.19.5&#8243; _module_preset=\u00bbdefault\u00bb global_colors_info=\u00bb{}\u00bb][et_pb_blurb title=\u00bbLa importancia de Linkedin\u00bb url=\u00bbhttps:\/\/hatlasdigital.com\/?page_id=210&#8243; image=\u00bbhttps:\/\/hatlasdigital.com\/wp-content\/uploads\/2023\/02\/HATLAS12.jpg\u00bb image_icon_width=\u00bb119%\u00bb _builder_version=\u00bb4.19.5&#8243; _module_preset=\u00bbdefault\u00bb custom_padding=\u00bb||18px|||\u00bb link_option_url=\u00bbhttps:\/\/hatlasdigital.com\/?page_id=210&#8243; global_colors_info=\u00bb{}\u00bb]<\/p>\n<p>LinkedIn es una plataforma social profesional que brinda a los profesionales la oportunidad de expandir su red, mejorar sus habilidades y desarrollar sus carreras, adem\u00e1s de ser una herramienta popular para la b\u00fasqueda de empleo y la contrataci\u00f3n de talento. Ofrece recursos y herramientas en l\u00ednea, as\u00ed como una plataforma para mostrar la experiencia y logros profesionales.<\/p>\n<p>Click aqu\u00ed para seguir leyendo<\/p>\n<p><span style=\"color: #374151; font-family: S\u00f6hne, ui-sans-serif, system-ui, -apple-system, 'Segoe UI', Roboto, Ubuntu, Cantarell, 'Noto Sans', sans-serif, 'Helvetica Neue', Arial, 'Apple Color Emoji', 'Segoe UI Emoji', 'Segoe UI Symbol', 'Noto Color Emoji'; font-size: 16px; font-style: normal; font-variant-ligatures: normal; font-variant-caps: normal; font-weight: 400; letter-spacing: normal; orphans: 2; text-align: start; text-indent: 0px; text-transform: none; white-space: pre-wrap; widows: 2; word-spacing: 0px; -webkit-text-stroke-width: 0px; background-color: #f7f7f8; text-decoration-thickness: initial; text-decoration-style: initial; text-decoration-color: initial; display: inline !important; float: none;\">\u00a0<\/span><\/p>\n<p>[\/et_pb_blurb][\/et_pb_column][\/et_pb_row][et_pb_row column_structure=\u00bb1_3,1_3,1_3&#8243; _builder_version=\u00bb4.19.5&#8243; _module_preset=\u00bbdefault\u00bb width=\u00bb73%\u00bb max_width=\u00bb1308px\u00bb global_colors_info=\u00bb{}\u00bb][et_pb_column type=\u00bb1_3&#8243; _builder_version=\u00bb4.19.5&#8243; _module_preset=\u00bbdefault\u00bb global_colors_info=\u00bb{}\u00bb][et_pb_blurb title=\u00bbUso de la IA\u00bb image=\u00bbhttps:\/\/hatlasdigital.com\/wp-content\/uploads\/2023\/02\/HATLAS14.jpg\u00bb image_icon_width=\u00bb119%\u00bb _builder_version=\u00bb4.19.5&#8243; _module_preset=\u00bbdefault\u00bb global_colors_info=\u00bb{}\u00bb]<\/p>\n<p>La inteligencia artificial (IA) es una rama de la inform\u00e1tica que se ocupa de desarrollar algoritmos y t\u00e9cnicas que permitan a las m\u00e1quinas simular la inteligencia humana. Se trata de un campo interdisciplinario que combina matem\u00e1ticas, estad\u00edsticas, psicolog\u00eda, neurociencia, filosof\u00eda y otras \u00e1reas para crear sistemas que puedan realizar tareas que, hasta ahora, requer\u00edan la intervenci\u00f3n humana, como el aprendizaje, el razonamiento, el reconocimiento de patrones y la toma de decisiones. La IA est\u00e1 transformando muchos sectores, desde la fabricaci\u00f3n y la log\u00edstica hasta la salud y la educaci\u00f3n, y se espera que tenga un impacto significativo en la sociedad en el futuro cercano<\/p>\n<p>[\/et_pb_blurb][\/et_pb_column][et_pb_column type=\u00bb1_3&#8243; _builder_version=\u00bb4.19.5&#8243; _module_preset=\u00bbdefault\u00bb global_colors_info=\u00bb{}\u00bb][et_pb_blurb title=\u00bbModa sostenible\u00bb image=\u00bbhttps:\/\/hatlasdigital.com\/wp-content\/uploads\/2023\/02\/HATLAS19.jpg\u00bb image_icon_width=\u00bb119%\u00bb _builder_version=\u00bb4.19.5&#8243; _module_preset=\u00bbdefault\u00bb global_colors_info=\u00bb{}\u00bb]<\/p>\n<p>El concepto de la moda sostenible est\u00e1 ganando terreno en el mundo de la moda, y es un tema de creciente importancia en la sociedad. La conciencia sobre el impacto ambiental de la industria textil ha llevado a un aumento en la demanda de opciones m\u00e1s \u00e9ticas y sostenibles en la moda.<\/p>\n<p>La moda sostenible se enfoca en la creaci\u00f3n de prendas con materiales y procesos \u00e9ticos y sostenibles, reduciendo as\u00ed el impacto ambiental de la producci\u00f3n de moda. Esto incluye la utilizaci\u00f3n de materiales org\u00e1nicos, reciclados y sostenibles, as\u00ed como procesos de producci\u00f3n \u00e9ticos y respetuosos con el medio ambiente.<\/p>\n<p>[\/et_pb_blurb][\/et_pb_column][et_pb_column type=\u00bb1_3&#8243; _builder_version=\u00bb4.19.5&#8243; _module_preset=\u00bbdefault\u00bb global_colors_info=\u00bb{}\u00bb][et_pb_blurb title=\u00bbRealidad aumentada\u00bb image=\u00bbhttps:\/\/hatlasdigital.com\/wp-content\/uploads\/2023\/02\/HW08.jpg\u00bb image_icon_width=\u00bb119%\u00bb _builder_version=\u00bb4.19.5&#8243; _module_preset=\u00bbdefault\u00bb global_colors_info=\u00bb{}\u00bb]<\/p>\n<p>La realidad aumentada (RA) es una tecnolog\u00eda que combina la informaci\u00f3n digital con el mundo real para crear una experiencia interactiva y enriquecedora. La RA permite a los usuarios superponer informaci\u00f3n digital en el mundo real a trav\u00e9s de dispositivos como smartphones, tabletas y gafas inteligentes.<\/p>\n<p>El objetivo de la RA es mejorar y enriquecer la experiencia del usuario, proporcion\u00e1ndole informaci\u00f3n adicional y contexto sobre el mundo que lo rodea. Por ejemplo, en la publicidad, la RA permite a los usuarios escanear productos o im\u00e1genes publicitarias para ver informaci\u00f3n adicional y ofertas especiales.<\/p>\n<p>[\/et_pb_blurb][\/et_pb_column][\/et_pb_row][\/et_pb_section][et_pb_section fb_built=\u00bb1&#8243; admin_label=\u00bbFooter\u00bb _builder_version=\u00bb4.18.0&#8243; _module_preset=\u00bbdefault\u00bb use_background_color_gradient=\u00bbon\u00bb background_color_gradient_stops=\u00bbrgba(38,54,78,0.68) 0%|#26364e 100%\u00bb background_color_gradient_overlays_image=\u00bbon\u00bb background_image=\u00bbhttps:\/\/hatlasdigital.com\/wp-content\/uploads\/2023\/02\/charter-boat-16.jpg\u00bb custom_padding=\u00bb0px||0px||true|false\u00bb use_background_color_gradient_tablet=\u00bbon\u00bb background_color_gradient_direction_tablet=\u00bb180deg\u00bb background_color_gradient_stops_tablet=\u00bb#ffffff 60%|rgba(255,255,255,0) 60%\u00bb saved_tabs=\u00bball\u00bb collapsed=\u00bbon\u00bb global_colors_info=\u00bb{}\u00bb][et_pb_row column_structure=\u00bb1_2,1_2&#8243; make_equal=\u00bbon\u00bb _builder_version=\u00bb4.18.0&#8243; _module_preset=\u00bbdefault\u00bb custom_padding=\u00bb0px||0px||true|false\u00bb box_shadow_style=\u00bbpreset4&#8243; box_shadow_horizontal=\u00bb-30vw\u00bb box_shadow_vertical=\u00bb0px\u00bb box_shadow_color=\u00bb#FFFFFF\u00bb global_colors_info=\u00bb{}\u00bb][et_pb_column type=\u00bb1_2&#8243; _builder_version=\u00bb4.18.0&#8243; _module_preset=\u00bbdefault\u00bb background_color=\u00bb#FFFFFF\u00bb custom_padding=\u00bb60px|60px|60px||true|false\u00bb custom_padding_tablet=\u00bb|30px|30px|30px|false|true\u00bb custom_padding_phone=\u00bb|20px|20px|20px|false|true\u00bb custom_padding_last_edited=\u00bbon|desktop\u00bb global_colors_info=\u00bb{}\u00bb][et_pb_text _builder_version=\u00bb4.19.4&#8243; _module_preset=\u00bb1f09816e-184e-4ce5-a4cf-b39c52c423ca\u00bb text_font=\u00bbPoppins||||||||\u00bb text_font_size=\u00bb18px\u00bb text_line_height=\u00bb1.75em\u00bb link_text_color=\u00bb#26364E\u00bb custom_margin=\u00bb||20px||false|false\u00bb text_font_size_tablet=\u00bb15px\u00bb text_font_size_phone=\u00bb14px\u00bb text_font_size_last_edited=\u00bbon|phone\u00bb header_font_size_tablet=\u00bb55px\u00bb header_font_size_last_edited=\u00bboff|desktop\u00bb global_colors_info=\u00bb{}\u00bb]<\/p>\n<p>Inicio<\/p>\n<p>[\/et_pb_text][et_pb_text _builder_version=\u00bb4.19.4&#8243; _module_preset=\u00bb1f09816e-184e-4ce5-a4cf-b39c52c423ca\u00bb text_font=\u00bbPoppins||||||||\u00bb text_font_size=\u00bb18px\u00bb text_line_height=\u00bb1.75em\u00bb link_text_color=\u00bb#26364E\u00bb custom_margin=\u00bb||20px||false|false\u00bb text_font_size_tablet=\u00bb15px\u00bb text_font_size_phone=\u00bb14px\u00bb text_font_size_last_edited=\u00bbon|phone\u00bb header_font_size_tablet=\u00bb55px\u00bb header_font_size_last_edited=\u00bboff|desktop\u00bb global_colors_info=\u00bb{}\u00bb]<\/p>\n<p>Planes<\/p>\n<p>[\/et_pb_text][et_pb_text _builder_version=\u00bb4.19.4&#8243; _module_preset=\u00bb1f09816e-184e-4ce5-a4cf-b39c52c423ca\u00bb text_font=\u00bbPoppins||||||||\u00bb text_font_size=\u00bb18px\u00bb text_line_height=\u00bb1.75em\u00bb link_text_color=\u00bb#26364E\u00bb custom_margin=\u00bb||20px||false|false\u00bb text_font_size_tablet=\u00bb15px\u00bb text_font_size_phone=\u00bb14px\u00bb text_font_size_last_edited=\u00bbon|phone\u00bb header_font_size_tablet=\u00bb55px\u00bb header_font_size_last_edited=\u00bboff|desktop\u00bb global_colors_info=\u00bb{}\u00bb]<\/p>\n<p>Serivicios<\/p>\n<p>[\/et_pb_text][et_pb_text _builder_version=\u00bb4.19.4&#8243; _module_preset=\u00bb1f09816e-184e-4ce5-a4cf-b39c52c423ca\u00bb text_font=\u00bbPoppins||||||||\u00bb text_font_size=\u00bb18px\u00bb text_line_height=\u00bb1.75em\u00bb link_text_color=\u00bb#26364E\u00bb custom_margin=\u00bb||20px||false|false\u00bb text_font_size_tablet=\u00bb15px\u00bb text_font_size_phone=\u00bb14px\u00bb text_font_size_last_edited=\u00bbon|phone\u00bb header_font_size_tablet=\u00bb55px\u00bb header_font_size_last_edited=\u00bboff|desktop\u00bb global_colors_info=\u00bb{}\u00bb]<\/p>\n<p>confidencialidad<\/p>\n<p>&nbsp;<\/p>\n<p>[\/et_pb_text][et_pb_social_media_follow icon_color=\u00bbgcid-02132a14-0aa3-45af-abdc-389c29b58c23&#8243; _builder_version=\u00bb4.18.0&#8243; _module_preset=\u00bbdefault\u00bb global_colors_info=\u00bb{%22gcid-02132a14-0aa3-45af-abdc-389c29b58c23%22:%91%22icon_color%22%93}\u00bb][et_pb_social_media_follow_network social_network=\u00bbfacebook\u00bb _builder_version=\u00bb4.18.0&#8243; _module_preset=\u00bbdefault\u00bb global_colors_info=\u00bb{}\u00bb follow_button=\u00bboff\u00bb url_new_window=\u00bbon\u00bb]facebook[\/et_pb_social_media_follow_network][et_pb_social_media_follow_network social_network=\u00bbtwitter\u00bb _builder_version=\u00bb4.18.0&#8243; _module_preset=\u00bbdefault\u00bb global_colors_info=\u00bb{}\u00bb follow_button=\u00bboff\u00bb url_new_window=\u00bbon\u00bb]twitter[\/et_pb_social_media_follow_network][et_pb_social_media_follow_network social_network=\u00bbinstagram\u00bb _builder_version=\u00bb4.18.0&#8243; _module_preset=\u00bbdefault\u00bb global_colors_info=\u00bb{}\u00bb follow_button=\u00bboff\u00bb url_new_window=\u00bbon\u00bb]instagram[\/et_pb_social_media_follow_network][\/et_pb_social_media_follow][\/et_pb_column][et_pb_column type=\u00bb1_2&#8243; _builder_version=\u00bb4.18.0&#8243; _module_preset=\u00bbdefault\u00bb custom_padding=\u00bb60px||60px||true|false\u00bb custom_padding_tablet=\u00bb30px||30px|30px|true|false\u00bb custom_padding_phone=\u00bb20px||20px|20px|true|false\u00bb custom_padding_last_edited=\u00bbon|tablet\u00bb global_colors_info=\u00bb{}\u00bb][et_pb_text _builder_version=\u00bb4.27.4&#8243; _module_preset=\u00bbb327cbe4-b1d5-4b66-ad37-40c8f2f061ba\u00bb header_2_font=\u00bbCinzel||||||||\u00bb header_2_font_size=\u00bb52px\u00bb header_2_line_height=\u00bb1.2em\u00bb background_layout=\u00bbdark\u00bb hover_enabled=\u00bb0&#8243; header_2_font_size_tablet=\u00bb32px\u00bb header_2_font_size_phone=\u00bb20px\u00bb header_2_font_size_last_edited=\u00bbon|desktop\u00bb global_colors_info=\u00bb{}\u00bb sticky_enabled=\u00bb0&#8243;]<\/p>\n<h2>Cont\u00e1ctanos<\/h2>\n<p>[\/et_pb_text][et_pb_signup mailchimp_list=\u00bbundefined|undefined|\u00bb layout=\u00bbtop_bottom\u00bb first_name_field=\u00bboff\u00bb last_name_field=\u00bboff\u00bb _builder_version=\u00bb4.27.4&#8243; _module_preset=\u00bbf5dd8511-592b-43f8-b02a-fca5b467e34a\u00bb form_field_background_color=\u00bbRGBA(255,255,255,0)\u00bb form_field_text_color=\u00bb#FFFFFF\u00bb form_field_custom_padding=\u00bb|0px||0px|false|true\u00bb form_field_font=\u00bbPoppins||||||||\u00bb form_field_font_size=\u00bb18px\u00bb background_enable_color=\u00bboff\u00bb use_background_color=\u00bboff\u00bb custom_button=\u00bbon\u00bb button_text_color=\u00bb#ffffff\u00bb button_bg_color=\u00bb#0072ce\u00bb button_border_width=\u00bb0px\u00bb button_border_radius=\u00bb0px\u00bb button_font=\u00bbPoppins|500|||||||\u00bb button_custom_padding=\u00bb12px|30px|12px|30px|true|true\u00bb hover_enabled=\u00bb0&#8243; form_field_font_size_tablet=\u00bb15px\u00bb form_field_font_size_phone=\u00bb14px\u00bb form_field_font_size_last_edited=\u00bbon|phone\u00bb button_text_size_tablet=\u00bb18px\u00bb button_text_size_phone=\u00bb16px\u00bb button_text_size_last_edited=\u00bbon|phone\u00bb border_radii_fields=\u00bbon|0px|0px|0px|0px\u00bb border_color_all_fields=\u00bb#FFFFFF\u00bb border_width_bottom_fields=\u00bb1px\u00bb global_colors_info=\u00bb{}\u00bb button_bg_enable_color=\u00bbon\u00bb sticky_enabled=\u00bb0&#8243;][\/et_pb_signup][\/et_pb_column][\/et_pb_row][\/et_pb_section]<\/p>\n","protected":false},"excerpt":{"rendered":"<p>BlogLa globalizaci\u00f3n es el proceso de integraci\u00f3n econ\u00f3mica, pol\u00edtica, social y cultural de los pa\u00edses del mundo. La globalizaci\u00f3n ha permitido una mayor interconexi\u00f3n y dependencia entre los pa\u00edses, y ha dado lugar a una econom\u00eda global en la que los bienes, servicios y personas pueden moverse libremente a trav\u00e9s de fronteras nacionales. Click aqu\u00ed [&hellip;]<\/p>\n","protected":false},"author":1,"featured_media":0,"parent":0,"menu_order":0,"comment_status":"closed","ping_status":"closed","template":"","meta":{"_et_pb_use_builder":"on","_et_pb_old_content":"","_et_gb_content_width":"","footnotes":""},"class_list":["post-166","page","type-page","status-publish","hentry"],"_links":{"self":[{"href":"https:\/\/hatlasdigital.com\/index.php?rest_route=\/wp\/v2\/pages\/166","targetHints":{"allow":["GET"]}}],"collection":[{"href":"https:\/\/hatlasdigital.com\/index.php?rest_route=\/wp\/v2\/pages"}],"about":[{"href":"https:\/\/hatlasdigital.com\/index.php?rest_route=\/wp\/v2\/types\/page"}],"author":[{"embeddable":true,"href":"https:\/\/hatlasdigital.com\/index.php?rest_route=\/wp\/v2\/users\/1"}],"replies":[{"embeddable":true,"href":"https:\/\/hatlasdigital.com\/index.php?rest_route=%2Fwp%2Fv2%2Fcomments&post=166"}],"version-history":[{"count":18,"href":"https:\/\/hatlasdigital.com\/index.php?rest_route=\/wp\/v2\/pages\/166\/revisions"}],"predecessor-version":[{"id":307,"href":"https:\/\/hatlasdigital.com\/index.php?rest_route=\/wp\/v2\/pages\/166\/revisions\/307"}],"wp:attachment":[{"href":"https:\/\/hatlasdigital.com\/index.php?rest_route=%2Fwp%2Fv2%2Fmedia&parent=166"}],"curies":[{"name":"wp","href":"https:\/\/api.w.org\/{rel}","templated":true}]}}